{"id":10,"date":"2025-10-14T16:05:37","date_gmt":"2025-10-14T14:05:37","guid":{"rendered":"https:\/\/openingenius.com\/?page_id=10"},"modified":"2026-04-17T13:25:04","modified_gmt":"2026-04-17T11:25:04","slug":"politica-cookies","status":"publish","type":"page","link":"https:\/\/openingenius.com\/en\/politica-cookies\/","title":{"rendered":"Cookies Policy"},"content":{"rendered":"<div class=\"kb-row-layout-wrap kb-row-layout-id10_c1a514-56 alignnone wp-block-kadence-rowlayout\"><div class=\"kt-row-column-wrap kt-has-1-columns kt-row-layout-equal kt-tab-layout-inherit kt-mobile-layout-row kt-row-valign-top\">\n\n<div class=\"wp-block-kadence-column kadence-column10_7b881b-94\"><div class=\"kt-inside-inner-col\">\n<h2 class=\"kt-adv-heading10_9e2532-0a wp-block-kadence-advancedheading\" data-kb-block=\"kb-adv-heading10_9e2532-0a\">Pol\u00edtica de Cookies<\/h2>\n\n\n\n<p class=\"kt-adv-heading10_7787e0-0c wp-block-kadence-advancedheading\" data-kb-block=\"kb-adv-heading10_7787e0-0c\">Open Ingenius utiliza cookies. Se puede configurar el navegador de Internet para que restrinja o bloquee las cookies. M\u00e1s informaci\u00f3n en&nbsp;<a href=\"https:\/\/www.fidesol.org\/%E2%80%9Dwww.aboutcookies.org%E2%80%9D\">www.aboutcookies.org<\/a><\/p>\n\n\n\n<h4 class=\"kt-adv-heading10_721271-53 wp-block-kadence-advancedheading\" data-kb-block=\"kb-adv-heading10_721271-53\">What are cookies?<\/h4>\n\n\n\n<p class=\"has-creame-fg-color has-text-color has-link-color wp-elements-d5d0936c24a4b58a4797aaeba89b6068\">Cookies are text files containing small pieces of information that are downloaded to your computer when you visit a website. Cookies are then sent back to the originating website on each subsequent visit, or to another website that recognizes that cookie. Cookies allow a website to recognize a user's device and therefore improve their experience.<\/p>\n\n\n\n<h4 class=\"wp-block-heading\">UsO DE las cookies<\/h4>\n\n\n\n<p class=\"has-creame-fg-color has-text-color has-link-color wp-elements-d4de92fde0412e8bda49f44f42b8c0af\">Open Ingenius utiliza cookies para recopilar datos estad\u00edsticos sobre el uso de nuestro sitio web y su funcionamiento, con vistas a hacer un seguimiento y mejorarlo. Tambi\u00e9n existen cookies de servicios de terceros, como son las redes sociales y cada una tiene una pol\u00edtica de cookies espec\u00edfica.<\/p>\n\n\n\n<h4 class=\"wp-block-heading\">What cookies do we use?<\/h4>\n\n\n\n<ul class=\"wp-block-list has-creame-fg-color has-text-color has-link-color wp-elements-95c748ad2bc2f154678ca6d81aaf59d1\">\n<li class=\"has-creame-fg-color has-text-color has-link-color wp-elements-8ed3010b74e0f91d070718ca78591798\"><strong>Own cookies:<\/strong><br><strong>csrftoken:<\/strong> Session cookie used by the server to recognize subsequent queries from the same browser. It does not carry any associated user information.<\/li>\n\n\n\n<li>Thrid cookies\n<ul class=\"wp-block-list\">\n<li class=\"has-creame-fg-color has-text-color has-link-color wp-elements-3d3febf3730cf268513dd46d2ce06c86\">Open Ingenius utiliza el servicio Google Analytics para ayudar a analizar el uso que se realiza de la web oficial de Open Ingenius. Pero en ning\u00fan caso se asocian datos que puedan llegar a identificar al usuario. De hecho, se ha aplicado la medida de \u2018anonimizaci\u00f3n\u2019 que proporciona esta herramienta para ocultar adem\u00e1s la IP desde donde se hacen las consultas, por tanto, el acceso a esta web es totalmente an\u00f3nimo.En la siguiente URL, se puede acceder a la informaci\u00f3n de uso de cookies de Google Analytics:\u00a0<a href=\"https:\/\/developers.google.com\/analytics\/devguides\/collection\/analyticsjs\/cookie-usage?hl=es\">Enlace<\/a><\/li>\n\n\n\n<li>Open Ingenius utiliza las siguientes redes sociales, por lo que, a continuaci\u00f3n, se muestran las cookies asociadas a cada una de ellas:\n<ul class=\"wp-block-list has-creame-fg-color has-text-color has-link-color wp-elements-7451b3e9bb0322e656cacf168fc26338\">\n<li><a href=\"https:\/\/x.com\/es\/privacy\" data-type=\"link\" data-id=\"https:\/\/x.com\/es\/privacy\">Twitter<\/a><\/li>\n\n\n\n<li><a href=\"https:\/\/www.facebook.com\/privacy\/policies\/cookies\/?entry_point=cookie_policy_redirect&amp;entry=0\">Facebook<\/a><\/li>\n\n\n\n<li><a href=\"https:\/\/policies.google.com\/technologies\/cookies?hl=es#types-of-cookies\">Google<\/a>+<\/li>\n\n\n\n<li><a href=\"https:\/\/policies.google.com\/technologies\/cookies?hl=es#types-of-cookies\">Youtube<\/a><\/li>\n\n\n\n<li><a href=\"https:\/\/policies.google.com\/technologies\/cookies?hl=es#types-of-cookies\">Google Maps<\/a><\/li>\n<\/ul>\n<\/li>\n<\/ul>\n<\/li>\n<\/ul>\n\n\n\n<h4 class=\"wp-block-heading\">\u00bfC\u00f3mo controlar las cookies?<\/h4>\n\n\n\n<p class=\"has-creame-fg-color has-text-color has-link-color wp-elements-3c5ffc3d6946fd05076611200146711c\">If you do not wish to receive cookies, you can set your browser to restrict or block them. If cookies are disabled, you will not be able to use some features of our website, such as sending us a query.<\/p>\n\n\n\n<h4 class=\"wp-block-heading\">Definitions<\/h4>\n\n\n\n<ul class=\"wp-block-list\">\n<li class=\"has-creame-fg-color has-text-color has-link-color wp-elements-4c481df7e0275a258604bdc80ef8cdc9\"><strong>First-party cookies and third-party cookies:<\/strong> This classification refers to the domain of the website that sets the cookie. First-party cookies are those set by the website the user is visiting, i.e., the site that appears in the address bar. Third-party cookies are those set by domains other than the website being visited. If a user visits a website and another entity sets a cookie through that site, that is a third-party cookie.<\/li>\n\n\n\n<li class=\"has-creame-fg-color has-text-color has-link-color wp-elements-1a0012a6b663f9349e236b7a97fdfbf8\"><strong>Persistent cookies: <\/strong>These cookies remain on the user's computer for the period specified in the cookie. They are activated every time the user visits the website that issued that particular cookie.<\/li>\n\n\n\n<li class=\"has-creame-fg-color has-text-color has-link-color wp-elements-30082d92c4719080529c676b4103498a\"><strong>Session cookies: <\/strong>Estas cookies permiten que los operadores de sitios web conecten las acciones de un usuario durante una sesi\u00f3n de navegaci\u00f3n. Una sesi\u00f3n de navegaci\u00f3n comienza cuando el usuario abre el navegador y termina cuando cierra el navegador. Las cookies de sesi\u00f3n se crean temporalmente, y se borran todas al cerrar el navegador.<\/li>\n<\/ul>\n<\/div><\/div>\n\n<\/div><\/div>","protected":false},"excerpt":{"rendered":"<p>Pol\u00edtica de Cookies Open Ingenius utiliza cookies. Se puede configurar el navegador de Internet para que restrinja o bloquee las cookies. M\u00e1s informaci\u00f3n en&nbsp;www.aboutcookies.org \u00bfQu\u00e9 son las cookies? Las cookies son archivos de texto que contienen peque\u00f1os fragmentos de informaci\u00f3n y que se descargan en el equipo al visitar un sitio web. Luego, las cookies [&hellip;]<\/p>\n","protected":false},"author":2,"featured_media":0,"parent":0,"menu_order":0,"comment_status":"closed","ping_status":"closed","template":"","meta":{"inline_featured_image":false,"footnotes":""},"class_list":["post-10","page","type-page","status-publish","hentry"],"_links":{"self":[{"href":"https:\/\/openingenius.com\/en\/wp-json\/wp\/v2\/pages\/10","targetHints":{"allow":["GET"]}}],"collection":[{"href":"https:\/\/openingenius.com\/en\/wp-json\/wp\/v2\/pages"}],"about":[{"href":"https:\/\/openingenius.com\/en\/wp-json\/wp\/v2\/types\/page"}],"author":[{"embeddable":true,"href":"https:\/\/openingenius.com\/en\/wp-json\/wp\/v2\/users\/2"}],"replies":[{"embeddable":true,"href":"https:\/\/openingenius.com\/en\/wp-json\/wp\/v2\/comments?post=10"}],"version-history":[{"count":9,"href":"https:\/\/openingenius.com\/en\/wp-json\/wp\/v2\/pages\/10\/revisions"}],"predecessor-version":[{"id":2983,"href":"https:\/\/openingenius.com\/en\/wp-json\/wp\/v2\/pages\/10\/revisions\/2983"}],"wp:attachment":[{"href":"https:\/\/openingenius.com\/en\/wp-json\/wp\/v2\/media?parent=10"}],"curies":[{"name":"wp","href":"https:\/\/api.w.org\/{rel}","templated":true}]}}