{"id":12,"date":"2025-10-14T16:21:07","date_gmt":"2025-10-14T14:21:07","guid":{"rendered":"https:\/\/openingenius.com\/?page_id=12"},"modified":"2026-03-10T17:53:45","modified_gmt":"2026-03-10T16:53:45","slug":"aviso-legal","status":"publish","type":"page","link":"https:\/\/openingenius.com\/en\/aviso-legal\/","title":{"rendered":"Legal Advice"},"content":{"rendered":"<div class=\"kb-row-layout-wrap kb-row-layout-id12_83fdc2-f4 alignnone wp-block-kadence-rowlayout\"><div class=\"kt-row-column-wrap kt-has-1-columns kt-row-layout-equal kt-tab-layout-inherit kt-mobile-layout-row kt-row-valign-top\">\n\n<div class=\"wp-block-kadence-column kadence-column12_e804f0-7a\"><div class=\"kt-inside-inner-col\">\n<h2 class=\"kt-adv-heading12_1e787b-0a wp-block-kadence-advancedheading\" data-kb-block=\"kb-adv-heading12_1e787b-0a\">Legal Advice<\/h2>\n<\/div><\/div>\n\n<\/div><\/div>\n\n<div class=\"kb-row-layout-wrap kb-row-layout-id12_d7e3b5-a7 alignnone wp-block-kadence-rowlayout\"><div class=\"kt-row-column-wrap kt-has-1-columns kt-row-layout-equal kt-tab-layout-inherit kt-mobile-layout-row kt-row-valign-top\">\n\n<div class=\"wp-block-kadence-column kadence-column12_cf53f4-5e\"><div class=\"kt-inside-inner-col\">\n<h4 class=\"kt-adv-heading12_009fa1-4d wp-block-kadence-advancedheading\" data-kb-block=\"kb-adv-heading12_009fa1-4d\">OBJETO<\/h4>\n\n\n\n<p class=\"kt-adv-heading12_3f494f-2f wp-block-kadence-advancedheading\" data-kb-block=\"kb-adv-heading12_3f494f-2f\"><br>Denominaci\u00f3n Social:\u00a0<strong>Open Ingenius Sociedad Limitada.<\/strong><br>Comercial Name: OpenIngenius<\/p>\n\n\n\n<p class=\"kt-adv-heading12_2d2e85-c0 wp-block-kadence-advancedheading\" data-kb-block=\"kb-adv-heading12_2d2e85-c0\"><br>Dominio Social:<br>Edificio B.I.C. \u2013 Oficina 323<br>Parque Tecnol\u00f3gico de Ciencias de la Salud (PTS)<br>Avda. de la Innovaci\u00f3n, 1<br>18016 \u2013 Armilla (Granada)<\/p>\n\n\n\n<p class=\"kt-adv-heading12_87b0e7-0d wp-block-kadence-advancedheading\" data-kb-block=\"kb-adv-heading12_87b0e7-0d\"><br>CIF \/ NIF:\u00a0<strong>B19680073<\/strong><br>Phone: 958750457<br>Fax: 958750454<br>e-Mail:\u00a0<a href=\"mailto:amiranda@openingenius.com?subject=Contacto%20desde%20https:\/\/empresite.eleconomista.es\" target=\"_blank\" rel=\"noreferrer noopener\">amiranda@openingenius.com<\/a><br>Signed in: REGISTRO  DE FUNDACIONES ANDALUZAS NUMERO GR-1072<\/p>\n<\/div><\/div>\n\n<\/div><\/div>\n\n<div class=\"kb-row-layout-wrap kb-row-layout-id12_12e964-0f alignnone wp-block-kadence-rowlayout\"><div class=\"kt-row-column-wrap kt-has-1-columns kt-row-layout-equal kt-tab-layout-inherit kt-mobile-layout-row kt-row-valign-top\">\n\n<div class=\"wp-block-kadence-column kadence-column12_d4cd05-24\"><div class=\"kt-inside-inner-col\">\n<h4 class=\"kt-adv-heading12_e10b9a-ce wp-block-kadence-advancedheading\" data-kb-block=\"kb-adv-heading12_e10b9a-ce\">Responsibility<\/h4>\n\n\n\n<p class=\"kt-adv-heading12_e14766-15 wp-block-kadence-advancedheading\" data-kb-block=\"kb-adv-heading12_e14766-15\">The provider disclaims any liability arising from the information published on its website, provided that this information has been manipulated or introduced by a third party other than the provider.<br>The provider's website may use cookies (small information files that the server sends to the computer of the person accessing the page) to perform certain functions that are considered essential for the proper functioning and display of the site. The cookies used on the website are, in all cases, temporary and intended solely to make subsequent transmission more efficient. They disappear at the end of the user's session. Under no circumstances will cookies be used to collect personal information.<br>From the client's website, you may be redirected to content on third-party websites. Since the provider cannot always control the content posted by third parties on their websites, it assumes no responsibility for such content. In any case, the provider declares that it will immediately remove any content that may violate national or international legislation, morality, or public order, and will immediately remove the redirection to said website and notify the competent authorities of the content in question.<br>The provider is not responsible for the information and content stored, including but not limited to, forums, chats, blog generators, comments, social networks, or any other means that allow third parties to publish content independently on the provider's website. However, and in compliance with the provisions of Articles 11 and 16 of the LSSI-CE, the provider makes itself available to all users, authorities, and security forces, actively collaborating in the removal or, where appropriate, blocking of all content that may affect or violate national or international legislation, third-party rights, or morality and public order. If the user believes that there is any content on the website that could be classified as such, please notify the website administrator immediately.<\/p>\n<\/div><\/div>\n\n<\/div><\/div>\n\n<div class=\"kb-row-layout-wrap kb-row-layout-id12_721dcd-30 alignnone wp-block-kadence-rowlayout\"><div class=\"kt-row-column-wrap kt-has-1-columns kt-row-layout-equal kt-tab-layout-inherit kt-mobile-layout-row kt-row-valign-top\">\n\n<div class=\"wp-block-kadence-column kadence-column12_b22f3f-db\"><div class=\"kt-inside-inner-col\">\n<h4 class=\"kt-adv-heading12_41b892-1d wp-block-kadence-advancedheading\" data-kb-block=\"kb-adv-heading12_41b892-1d\">Protection of personal data<\/h4>\n\n\n\n<p class=\"kt-adv-heading12_e704bb-6c wp-block-kadence-advancedheading\" data-kb-block=\"kb-adv-heading12_e704bb-6c\">El prestador se encuentra profundamente comprometido con el cumplimiento de la normativa espa\u00f1ola de protecci\u00f3n de datos de car\u00e1cter personal, y garantiza el cumplimiento \u00edntegro de las obligaciones dispuestas, as\u00ed como la implementaci\u00f3n de las medidas de seguridad dispuestas en la Ley Org\u00e1nica 3\/2018, de 5 de diciembre, de Protecci\u00f3n de Datos Personales y garant\u00eda de los derechos digitales.<br>The provider makes the entity's Privacy Policy available to users, informing them of the following aspects:<br>Data of the Data Controller.<br>Data procesed.<br>File in which they are stored<br>Purpose of the treatment.<br>Whether or not it is mandatory to provide them, as well as the consequences of not providing them.<br>On the rights that every user has and the procedure for exercising them.<\/p>\n<\/div><\/div>\n\n<\/div><\/div>\n\n<div class=\"kb-row-layout-wrap kb-row-layout-id12_e69b88-1e alignnone wp-block-kadence-rowlayout\"><div class=\"kt-row-column-wrap kt-has-1-columns kt-row-layout-equal kt-tab-layout-inherit kt-mobile-layout-row kt-row-valign-top\">\n\n<div class=\"wp-block-kadence-column kadence-column12_86fdd9-12\"><div class=\"kt-inside-inner-col\">\n<h4 class=\"kt-adv-heading12_a25e64-45 wp-block-kadence-advancedheading\" data-kb-block=\"kb-adv-heading12_a25e64-45\">Propiedad intelectual e industrial<\/h4>\n\n\n\n<p class=\"kt-adv-heading12_51c443-a9 wp-block-kadence-advancedheading\" data-kb-block=\"kb-adv-heading12_51c443-a9\">The website, including but not limited to its programming, editing, compilation, and other elements necessary for its operation, designs, logos, text, and\/or graphics, are the property of the provider or, where applicable, are licensed or expressly authorized by the authors. All content on the website is duly protected by intellectual and industrial property regulations and registered in the corresponding public registries.<br>Regardless of the intended purpose, any reproduction, use, exploitation, distribution, or commercialization of the material in whole or in part always requires prior written authorization from the provider. Any use not previously authorized by the provider will be considered a serious breach of the author's intellectual or industrial property rights.<br>Los dise\u00f1os, logotipos, texto y\/o gr\u00e1ficos ajenos al prestador y que pudieran aparecer en el sitio web, pertenecen a sus respectivos propietarios, siendo ellos mismos responsables de cualquier posible controversia que pudiera suscitarse respecto a los mismos. En todo caso, el prestador cuenta con la autorizaci\u00f3n expresa y previa por parte de los mismos.<br>The provider expressly authorizes\/does not authorize third parties to directly redirect to the specific contents of the website, and in all cases they must redirect to the provider's main website.<br>The provider recognizes the corresponding industrial and intellectual property rights in favor of their owners. Their mere mention or appearance on the website does not imply the existence of any rights or responsibility on the part of the provider over them, nor does it imply any endorsement, sponsorship, or recommendation by the provider.<br>Para realizar cualquier tipo de observaci\u00f3n respecto a posibles incumplimientos de los<\/p>\n<\/div><\/div>\n\n<\/div><\/div>\n\n<div class=\"kb-row-layout-wrap kb-row-layout-id12_9c0889-f8 alignnone wp-block-kadence-rowlayout\"><div class=\"kt-row-column-wrap kt-has-1-columns kt-row-layout-equal kt-tab-layout-inherit kt-mobile-layout-row kt-row-valign-top\">\n\n<div class=\"wp-block-kadence-column kadence-column12_69ca7d-46\"><div class=\"kt-inside-inner-col\">\n<h4 class=\"kt-adv-heading12_abd833-d7 wp-block-kadence-advancedheading\" data-kb-block=\"kb-adv-heading12_abd833-d7\">Ley aplicable y jurisdicci\u00f3n<br><\/h4>\n\n\n\n<p class=\"kt-adv-heading12_f1869b-7e wp-block-kadence-advancedheading\" data-kb-block=\"kb-adv-heading12_f1869b-7e\">For the resolution of all disputes or issues related to this website or the activities carried out therein, Spanish law shall apply, to which the parties expressly submit. The Courts and Tribunals of Granada shall have jurisdiction to resolve all conflicts arising from or related to its use.<\/p>\n<\/div><\/div>\n\n<\/div><\/div>","protected":false},"excerpt":{"rendered":"<p>Aviso Legal OBJETO Denominaci\u00f3n Social:\u00a0Open Ingenius Sociedad Limitada.Nombre Comercial: Open Ingenius Dominio Social:Edificio B.I.C. \u2013 Oficina 323Parque Tecnol\u00f3gico de Ciencias de la Salud (PTS)Avda. de la Innovaci\u00f3n, 118016 \u2013 Armilla (Granada) CIF \/ NIF:\u00a0B19680073Tel\u00e9fono: 958750457Fax: 958750454e-Mail:\u00a0amiranda@openingenius.comInscrita en el Registro: DE FUNDACIONES ANDALUZAS NUMERO GR-1072 Responsabilidad El prestador se exime de cualquier tipo de responsabilidad derivada [&hellip;]<\/p>\n","protected":false},"author":2,"featured_media":0,"parent":0,"menu_order":0,"comment_status":"closed","ping_status":"open","template":"","meta":{"inline_featured_image":false,"footnotes":""},"class_list":["post-12","page","type-page","status-publish","hentry"],"_links":{"self":[{"href":"https:\/\/openingenius.com\/en\/wp-json\/wp\/v2\/pages\/12","targetHints":{"allow":["GET"]}}],"collection":[{"href":"https:\/\/openingenius.com\/en\/wp-json\/wp\/v2\/pages"}],"about":[{"href":"https:\/\/openingenius.com\/en\/wp-json\/wp\/v2\/types\/page"}],"author":[{"embeddable":true,"href":"https:\/\/openingenius.com\/en\/wp-json\/wp\/v2\/users\/2"}],"replies":[{"embeddable":true,"href":"https:\/\/openingenius.com\/en\/wp-json\/wp\/v2\/comments?post=12"}],"version-history":[{"count":20,"href":"https:\/\/openingenius.com\/en\/wp-json\/wp\/v2\/pages\/12\/revisions"}],"predecessor-version":[{"id":2351,"href":"https:\/\/openingenius.com\/en\/wp-json\/wp\/v2\/pages\/12\/revisions\/2351"}],"wp:attachment":[{"href":"https:\/\/openingenius.com\/en\/wp-json\/wp\/v2\/media?parent=12"}],"curies":[{"name":"wp","href":"https:\/\/api.w.org\/{rel}","templated":true}]}}