{"id":877,"date":"2026-02-16T14:52:45","date_gmt":"2026-02-16T13:52:45","guid":{"rendered":"https:\/\/openingenius.com\/?page_id=877"},"modified":"2026-03-25T10:45:59","modified_gmt":"2026-03-25T09:45:59","slug":"kit-ditigal","status":"publish","type":"page","link":"https:\/\/openingenius.com\/en\/kit-ditigal\/","title":{"rendered":"Kit Digital para pymes"},"content":{"rendered":"<div class=\"kb-row-layout-wrap kb-row-layout-id877_8b5a33-be alignnone kt-row-has-bg wp-block-kadence-rowlayout\"><div class=\"kt-row-column-wrap kt-has-1-columns kt-row-layout-equal kt-tab-layout-inherit kt-mobile-layout-row kt-row-valign-top\">\n\n<div class=\"wp-block-kadence-column kadence-column877_f590db-8f\"><div class=\"kt-inside-inner-col\"><div class=\"kb-row-layout-wrap kb-row-layout-id877_1a5f10-91 alignnone wp-block-kadence-rowlayout\"><div class=\"kt-row-column-wrap kt-has-1-columns kt-row-layout-equal kt-tab-layout-inherit kt-mobile-layout-row kt-row-valign-top\">\n\n<div class=\"wp-block-kadence-column kadence-column877_3ade6d-d1\"><div class=\"kt-inside-inner-col\">\n<h2 class=\"kt-adv-heading877_93ebf4-8a wp-block-kadence-advancedheading\" data-kb-block=\"kb-adv-heading877_93ebf4-8a\">KIT DIGITAL<\/h2>\n<\/div><\/div>\n\n<\/div><\/div>\n\n<div class=\"kb-row-layout-wrap kb-row-layout-id877_18694c-5c alignnone kt-row-has-bg wp-block-kadence-rowlayout\"><div class=\"kt-row-column-wrap kt-has-2-columns kt-row-layout-equal kt-tab-layout-inherit kt-mobile-layout-row kt-row-valign-middle\">\n\n<div class=\"wp-block-kadence-column kadence-column877_1b831a-48\"><div class=\"kt-inside-inner-col\">\n<h3 class=\"kt-adv-heading877_bb14d3-88 wp-block-kadence-advancedheading\" data-kb-block=\"kb-adv-heading877_bb14d3-88\">EL KIT DIGITAL ES UNA INICIATIVA DEL GOBIERNO DE ESPA\u00d1A QUE TIENE COMO OBJETIVO SUBVENCIONAR A PEQUE\u00d1AS EMPRESAS, MICROEMPRESAS Y TRABAJADORES AUT\u00d3NOMOS, PARA LA IMPLANTACI\u00d3N DE SOLUCIONES DIGITALES DISPONIBLES EN EL MERCADO CON LAS QUE CONSEGUIR UN AVANCE SIGNIFICATIVO EN EL NIVEL DE MADUREZ DIGITAL.<\/h3>\n<\/div><\/div>\n\n\n\n<div class=\"wp-block-kadence-column kadence-column877_f4eb52-9c\"><div class=\"kt-inside-inner-col\"><\/div><\/div>\n\n<\/div><\/div>\n\n<div class=\"kb-row-layout-wrap kb-row-layout-id877_3ea651-e0 alignnone kt-row-has-bg wp-block-kadence-rowlayout\"><div class=\"kt-row-column-wrap kt-has-2-columns kt-row-layout-equal kt-tab-layout-inherit kt-mobile-layout-row kt-row-valign-middle\">\n\n<div class=\"wp-block-kadence-column kadence-column877_37425f-24\"><div class=\"kt-inside-inner-col\">\n<p class=\"kt-adv-heading877_44313c-48 wp-block-kadence-advancedheading\" data-kb-block=\"kb-adv-heading877_44313c-48\">El programa \u201cKit Digital\u201d busca utilizar fondos europeos de m\u00e1s de 3.000 millones de euros para impulsar la transformaci\u00f3n digital de pymes y aut\u00f3nomos en l\u00ednea con las estrategias Espa\u00f1a Digital 2025 y el Plan de Recuperaci\u00f3n. Colaborar\u00e1 con proveedores de soluciones digitales, como Open Ingenius, para ofrecer servicios tecnol\u00f3gicos y apoyar a las empresas beneficiarias. Durante el periodo 2021-2023, se lanzar\u00e1n varias convocatorias de ayudas dirigidas a diferentes segmentos de pymes y aut\u00f3nomos.<\/p>\n<\/div><\/div>\n\n\n\n<div class=\"wp-block-kadence-column kadence-column877_a40084-71\"><div class=\"kt-inside-inner-col\"><\/div><\/div>\n\n<\/div><\/div>\n\n<div class=\"kb-row-layout-wrap kb-row-layout-id877_9e2805-d4 alignnone kt-row-has-bg wp-block-kadence-rowlayout\"><div class=\"kt-row-column-wrap kt-has-1-columns kt-row-layout-equal kt-tab-layout-inherit kt-mobile-layout-row kt-row-valign-top\">\n\n<div class=\"wp-block-kadence-column kadence-column877_726a47-b6\"><div class=\"kt-inside-inner-col\">\n<figure class=\"wp-block-kadence-image kb-image877_fd5ba9-39 size-large\"><img loading=\"lazy\" decoding=\"async\" width=\"1024\" height=\"96\" src=\"https:\/\/openingenius.com\/wp-content\/uploads\/2026\/03\/Imagen-169@2x-1024x96.png\" alt=\"\" class=\"kb-img wp-image-1831\" srcset=\"https:\/\/openingenius.com\/wp-content\/uploads\/2026\/03\/Imagen-169@2x-1024x96.png 1024w, https:\/\/openingenius.com\/wp-content\/uploads\/2026\/03\/Imagen-169@2x-300x28.png 300w, https:\/\/openingenius.com\/wp-content\/uploads\/2026\/03\/Imagen-169@2x-768x72.png 768w, https:\/\/openingenius.com\/wp-content\/uploads\/2026\/03\/Imagen-169@2x-1536x144.png 1536w, https:\/\/openingenius.com\/wp-content\/uploads\/2026\/03\/Imagen-169@2x-2048x192.png 2048w, https:\/\/openingenius.com\/wp-content\/uploads\/2026\/03\/Imagen-169@2x-18x2.png 18w\" sizes=\"auto, (max-width: 1024px) 100vw, 1024px\" \/><\/figure>\n<\/div><\/div>\n\n<\/div><\/div>\n\n<div class=\"kb-row-layout-wrap kb-row-layout-id877_3e720b-07 alignnone kt-row-has-bg wp-block-kadence-rowlayout\"><div class=\"kt-row-column-wrap kt-has-1-columns kt-row-layout-equal kt-tab-layout-inherit kt-mobile-layout-row kt-row-valign-top\">\n\n<div class=\"wp-block-kadence-column kadence-column877_aedbc9-cd\"><div class=\"kt-inside-inner-col\">\n<h2 class=\"kt-adv-heading877_40129a-b1 wp-block-kadence-advancedheading\" data-kb-block=\"kb-adv-heading877_40129a-b1\">A QUI\u00c9N VA DIRIGIDO<\/h2>\n\n\n\n<h3 class=\"kt-adv-heading877_cf125b-f6 wp-block-kadence-advancedheading\" data-kb-block=\"kb-adv-heading877_cf125b-f6\">EMPRESAS Y ORGANIZACIONES QUE QUIERAN EXPLOTAR SUS DATOS Y AS\u00cd AYUDAR EN LA TOMA DE DECISIONES CON PLATAFORMAS DE BUSINESS INTELLIGENCE (BI).<\/h3>\n\n\n<div class=\"kb-row-layout-wrap kb-row-layout-id877_2bea29-fb alignnone wp-block-kadence-rowlayout\"><div class=\"kt-row-column-wrap kt-has-1-columns kt-row-layout-equal kt-tab-layout-inherit kt-mobile-layout-row kt-row-valign-top\">\n\n<div class=\"wp-block-kadence-column kadence-column877_d6518b-92\"><div class=\"kt-inside-inner-col\"><div class=\"kb-row-layout-wrap kb-row-layout-id877_b77613-4f alignnone wp-block-kadence-rowlayout\"><div class=\"kt-row-column-wrap kt-has-2-columns kt-row-layout-equal kt-tab-layout-inherit kt-mobile-layout-equal kt-row-valign-top\">\n\n<div class=\"wp-block-kadence-column kadence-column877_cacdfd-d1\"><div class=\"kt-inside-inner-col\">\n<h4 class=\"kt-adv-heading877_730a39-f6 wp-block-kadence-advancedheading\" data-kb-block=\"kb-adv-heading877_730a39-f6\">SEGMENTO III <\/h4>\n\n\n\n<h4 class=\"kt-adv-heading877_a81f84-03 wp-block-kadence-advancedheading\" data-kb-block=\"kb-adv-heading877_a81f84-03\">0 &gt; 3 EMPLEADOS<\/h4>\n<\/div><\/div>\n\n\n\n<div class=\"wp-block-kadence-column kadence-column877_822b13-61\"><div class=\"kt-inside-inner-col\">\n<h4 class=\"kt-adv-heading877_c0f8b8-1c wp-block-kadence-advancedheading\" data-kb-block=\"kb-adv-heading877_c0f8b8-1c\">HASTA 1.500 \u20ac<\/h4>\n<\/div><\/div>\n\n<\/div><\/div>\n\n<div class=\"kb-row-layout-wrap kb-row-layout-id877_e4688f-47 alignnone wp-block-kadence-rowlayout\"><div class=\"kt-row-column-wrap kt-has-2-columns kt-row-layout-equal kt-tab-layout-inherit kt-mobile-layout-equal kt-row-valign-top\">\n\n<div class=\"wp-block-kadence-column kadence-column877_1681f5-ba\"><div class=\"kt-inside-inner-col\">\n<h4 class=\"kt-adv-heading877_077642-e7 wp-block-kadence-advancedheading\" data-kb-block=\"kb-adv-heading877_077642-e7\">SEGMENTO II <\/h4>\n\n\n\n<h4 class=\"kt-adv-heading877_d25545-89 wp-block-kadence-advancedheading\" data-kb-block=\"kb-adv-heading877_d25545-89\">3 &gt; 9 EMPLEADOS<\/h4>\n<\/div><\/div>\n\n\n\n<div class=\"wp-block-kadence-column kadence-column877_256861-99\"><div class=\"kt-inside-inner-col\">\n<h4 class=\"kt-adv-heading877_dc0dea-88 wp-block-kadence-advancedheading\" data-kb-block=\"kb-adv-heading877_dc0dea-88\">HASTA 2.000 \u20ac<\/h4>\n<\/div><\/div>\n\n<\/div><\/div>\n\n<div class=\"kb-row-layout-wrap kb-row-layout-id877_0cbd3f-47 alignnone wp-block-kadence-rowlayout\"><div class=\"kt-row-column-wrap kt-has-2-columns kt-row-layout-equal kt-tab-layout-inherit kt-mobile-layout-equal kt-row-valign-top\">\n\n<div class=\"wp-block-kadence-column kadence-column877_799557-9f\"><div class=\"kt-inside-inner-col\">\n<h4 class=\"kt-adv-heading877_5fda56-e1 wp-block-kadence-advancedheading\" data-kb-block=\"kb-adv-heading877_5fda56-e1\">SEGMENTO I <\/h4>\n\n\n\n<h4 class=\"kt-adv-heading877_4f2a1c-01 wp-block-kadence-advancedheading\" data-kb-block=\"kb-adv-heading877_4f2a1c-01\">10 &gt; 50 EMPLEADOS<\/h4>\n<\/div><\/div>\n\n\n\n<div class=\"wp-block-kadence-column kadence-column877_2c38d5-94\"><div class=\"kt-inside-inner-col\">\n<h4 class=\"kt-adv-heading877_5de891-5d wp-block-kadence-advancedheading\" data-kb-block=\"kb-adv-heading877_5de891-5d\">HASTA 4.000 \u20ac<\/h4>\n<\/div><\/div>\n\n<\/div><\/div><\/div><\/div>\n\n<\/div><\/div><\/div><\/div>\n\n<\/div><\/div>\n\n<div class=\"kb-row-layout-wrap kb-row-layout-id877_1a0d98-1b alignnone kt-row-has-bg wp-block-kadence-rowlayout\"><div class=\"kt-row-column-wrap kt-has-2-columns kt-row-layout-equal kt-tab-layout-row kt-mobile-layout-row kt-row-valign-middle\">\n\n<div class=\"wp-block-kadence-column kadence-column877_fdecf2-8f\"><div class=\"kt-inside-inner-col\">\n<h3 class=\"kt-adv-heading877_a67c7b-a5 wp-block-kadence-advancedheading\" data-kb-block=\"kb-adv-heading877_a67c7b-a5\">PROYECTOS LLAVE EN MANO DESDE EL INICIO Y DEFINICI\u00d3N HASTA EL DESPLIEGUE Y PUESTA EN MARCHA. <\/h3>\n\n\n\n<h3 class=\"kt-adv-heading877_e76594-d4 wp-block-kadence-advancedheading\" data-kb-block=\"kb-adv-heading877_e76594-d4\">OPCI\u00d3N DE PROTOTIPO SIN COMPROMISO. <\/h3>\n\n\n\n<p class=\"kt-adv-heading877_9b638d-33 wp-block-kadence-advancedheading\" data-kb-block=\"kb-adv-heading877_9b638d-33\"><strong>En Open Ingenius somos especialistas en Microsoft Power BI, plataforma de an\u00e1lisis de datos y visualizaci\u00f3n que permite a las empresas y usuario analizar datos, compartir informaci\u00f3n y tomar decisiones de forma efectiva. Proyecto llave en mano desde el inicio hasta el despliegue de la soluci\u00f3n final y formaci\u00f3n a usuarios.<\/strong><\/p>\n\n\n<div class=\"kb-row-layout-wrap kb-row-layout-id877_413a6c-73 alignnone wp-block-kadence-rowlayout\"><div class=\"kt-row-column-wrap kt-has-1-columns kt-row-layout-equal kt-tab-layout-inherit kt-mobile-layout-row kt-row-valign-top\">\n\n<div class=\"wp-block-kadence-column kadence-column877_9797a0-af kb-section-dir-horizontal kb-section-sm-dir-vertical\"><div class=\"kt-inside-inner-col\">\n<figure class=\"wp-block-kadence-image kb-image877_860a91-e5 size-full\"><img loading=\"lazy\" decoding=\"async\" width=\"367\" height=\"148\" src=\"https:\/\/openingenius.com\/wp-content\/uploads\/2026\/03\/Imagen-156.png\" alt=\"\" class=\"kb-img wp-image-1456\" srcset=\"https:\/\/openingenius.com\/wp-content\/uploads\/2026\/03\/Imagen-156.png 367w, https:\/\/openingenius.com\/wp-content\/uploads\/2026\/03\/Imagen-156-300x121.png 300w, https:\/\/openingenius.com\/wp-content\/uploads\/2026\/03\/Imagen-156-18x7.png 18w\" sizes=\"auto, (max-width: 367px) 100vw, 367px\" \/><\/figure>\n\n\n\n<figure class=\"wp-block-kadence-image kb-image877_e512af-12 size-full\"><img loading=\"lazy\" decoding=\"async\" width=\"200\" height=\"86\" src=\"https:\/\/openingenius.com\/wp-content\/uploads\/2026\/03\/Grupo-3867.png\" alt=\"\" class=\"kb-img wp-image-1838\" srcset=\"https:\/\/openingenius.com\/wp-content\/uploads\/2026\/03\/Grupo-3867.png 200w, https:\/\/openingenius.com\/wp-content\/uploads\/2026\/03\/Grupo-3867-18x8.png 18w\" sizes=\"auto, (max-width: 200px) 100vw, 200px\" \/><\/figure>\n<\/div><\/div>\n\n<\/div><\/div>\n\n\n<div class=\"wp-block-kadence-iconlist kt-svg-icon-list-items kt-svg-icon-list-items877_75ba3b-9c kt-svg-icon-list-columns-1 alignnone kt-list-icon-aligntop\"><ul class=\"kt-svg-icon-list\">\n<li class=\"wp-block-kadence-listitem kt-svg-icon-list-item-wrap kt-svg-icon-list-item-877_62d918-58\"><span class=\"kb-svg-icon-wrap kb-svg-icon-fas_circle kt-svg-icon-list-single\"><svg viewbox=\"0 0 512 512\"  fill=\"currentColor\" xmlns=\"http:\/\/www.w3.org\/2000\/svg\"  aria-hidden=\"true\"><path d=\"M256 8C119 8 8 119 8 256s111 248 248 248 248-111 248-248S393 8 256 8z\"\/><\/svg><\/span><span class=\"kt-svg-icon-list-text\">PLATAFORMA L\u00cdDER A NIVEL MUNDIAL.<\/span><\/li>\n\n\n\n<li class=\"wp-block-kadence-listitem kt-svg-icon-list-item-wrap kt-svg-icon-list-item-877_0be787-c0\"><span class=\"kb-svg-icon-wrap kb-svg-icon-fas_circle kt-svg-icon-list-single\"><svg viewbox=\"0 0 512 512\"  fill=\"currentColor\" xmlns=\"http:\/\/www.w3.org\/2000\/svg\"  aria-hidden=\"true\"><path d=\"M256 8C119 8 8 119 8 256s111 248 248 248 248-111 248-248S393 8 256 8z\"\/><\/svg><\/span><span class=\"kt-svg-icon-list-text\">CONEXI\u00d3N CON M\u00daLTIPLES OR\u00cdGENES DE DATOS.<\/span><\/li>\n\n\n\n<li class=\"wp-block-kadence-listitem kt-svg-icon-list-item-wrap kt-svg-icon-list-item-877_973826-89\"><span class=\"kb-svg-icon-wrap kb-svg-icon-fas_circle kt-svg-icon-list-single\"><svg viewbox=\"0 0 512 512\"  fill=\"currentColor\" xmlns=\"http:\/\/www.w3.org\/2000\/svg\"  aria-hidden=\"true\"><path d=\"M256 8C119 8 8 119 8 256s111 248 248 248 248-111 248-248S393 8 256 8z\"\/><\/svg><\/span><span class=\"kt-svg-icon-list-text\">MODELADO DE DATOS.<\/span><\/li>\n\n\n\n<li class=\"wp-block-kadence-listitem kt-svg-icon-list-item-wrap kt-svg-icon-list-item-877_13ce32-68\"><span class=\"kb-svg-icon-wrap kb-svg-icon-fas_circle kt-svg-icon-list-single\"><svg viewbox=\"0 0 512 512\"  fill=\"currentColor\" xmlns=\"http:\/\/www.w3.org\/2000\/svg\"  aria-hidden=\"true\"><path d=\"M256 8C119 8 8 119 8 256s111 248 248 248 248-111 248-248S393 8 256 8z\"\/><\/svg><\/span><span class=\"kt-svg-icon-list-text\">CREACI\u00d3N DE INFORMES INTERACTIVOS.<\/span><\/li>\n\n\n\n<li class=\"wp-block-kadence-listitem kt-svg-icon-list-item-wrap kt-svg-icon-list-item-877_8a95cb-59\"><span class=\"kb-svg-icon-wrap kb-svg-icon-fas_circle kt-svg-icon-list-single\"><svg viewbox=\"0 0 512 512\"  fill=\"currentColor\" xmlns=\"http:\/\/www.w3.org\/2000\/svg\"  aria-hidden=\"true\"><path d=\"M256 8C119 8 8 119 8 256s111 248 248 248 248-111 248-248S393 8 256 8z\"\/><\/svg><\/span><span class=\"kt-svg-icon-list-text\">PUBLICACI\u00d3N Y DISTRIBUCI\u00d3N DE INFORMES.<\/span><\/li>\n\n\n\n<li class=\"wp-block-kadence-listitem kt-svg-icon-list-item-wrap kt-svg-icon-list-item-877_efdbfa-74\"><span class=\"kb-svg-icon-wrap kb-svg-icon-fas_circle kt-svg-icon-list-single\"><svg viewbox=\"0 0 512 512\"  fill=\"currentColor\" xmlns=\"http:\/\/www.w3.org\/2000\/svg\"  aria-hidden=\"true\"><path d=\"M256 8C119 8 8 119 8 256s111 248 248 248 248-111 248-248S393 8 256 8z\"\/><\/svg><\/span><span class=\"kt-svg-icon-list-text\">SEGURIDAD Y ADMINISTRACI\u00d3N.<\/span><\/li>\n\n\n\n<li class=\"wp-block-kadence-listitem kt-svg-icon-list-item-wrap kt-svg-icon-list-item-877_b6eec3-21\"><span class=\"kb-svg-icon-wrap kb-svg-icon-fas_circle kt-svg-icon-list-single\"><svg viewbox=\"0 0 512 512\"  fill=\"currentColor\" xmlns=\"http:\/\/www.w3.org\/2000\/svg\"  aria-hidden=\"true\"><path d=\"M256 8C119 8 8 119 8 256s111 248 248 248 248-111 248-248S393 8 256 8z\"\/><\/svg><\/span><span class=\"kt-svg-icon-list-text\">ACTUALIZACIONES DE DATOS.<\/span><\/li>\n\n\n\n<li class=\"wp-block-kadence-listitem kt-svg-icon-list-item-wrap kt-svg-icon-list-item-877_f51bb0-1f\"><span class=\"kb-svg-icon-wrap kb-svg-icon-fas_circle kt-svg-icon-list-single\"><svg viewbox=\"0 0 512 512\"  fill=\"currentColor\" xmlns=\"http:\/\/www.w3.org\/2000\/svg\"  aria-hidden=\"true\"><path d=\"M256 8C119 8 8 119 8 256s111 248 248 248 248-111 248-248S393 8 256 8z\"\/><\/svg><\/span><span class=\"kt-svg-icon-list-text\">R\u00c1PIDO DESPLIEGUE A BAJO COSTE.<\/span><\/li>\n<\/ul><\/div>\n\n\n\n<div class=\"wp-block-kadence-advancedbtn kb-buttons-wrap kb-btns877_937e01-6f\"><a class=\"kb-button kt-button button kb-btn877_60fca4-32 kt-btn-size-standard kt-btn-width-type-auto kb-btn-global-fill  kt-btn-has-text-true kt-btn-has-svg-false  wp-block-kadence-singlebtn\" href=\"https:\/\/openingenius.com\/en\/#home-contact\"><span class=\"kt-btn-inner-text\">CONTACTE CON NOSOTROS<\/span><\/a><\/div>\n<\/div><\/div>\n\n\n\n<div class=\"wp-block-kadence-column kadence-column877_021933-a9\"><div class=\"kt-inside-inner-col\"><\/div><\/div>\n\n<\/div><\/div><\/div><\/div>\n\n<\/div><\/div>","protected":false},"excerpt":{"rendered":"<p>KIT DIGITAL EL KIT DIGITAL ES UNA INICIATIVA DEL GOBIERNO DE ESPA\u00d1A QUE TIENE COMO OBJETIVO SUBVENCIONAR A PEQUE\u00d1AS EMPRESAS, MICROEMPRESAS Y TRABAJADORES AUT\u00d3NOMOS, PARA LA IMPLANTACI\u00d3N DE SOLUCIONES DIGITALES DISPONIBLES EN EL MERCADO CON LAS QUE CONSEGUIR UN AVANCE SIGNIFICATIVO EN EL NIVEL DE MADUREZ DIGITAL. El programa \u201cKit Digital\u201d busca utilizar fondos europeos [&hellip;]<\/p>\n","protected":false},"author":2,"featured_media":0,"parent":0,"menu_order":0,"comment_status":"closed","ping_status":"closed","template":"","meta":{"inline_featured_image":false,"footnotes":""},"class_list":["post-877","page","type-page","status-publish","hentry"],"_links":{"self":[{"href":"https:\/\/openingenius.com\/en\/wp-json\/wp\/v2\/pages\/877","targetHints":{"allow":["GET"]}}],"collection":[{"href":"https:\/\/openingenius.com\/en\/wp-json\/wp\/v2\/pages"}],"about":[{"href":"https:\/\/openingenius.com\/en\/wp-json\/wp\/v2\/types\/page"}],"author":[{"embeddable":true,"href":"https:\/\/openingenius.com\/en\/wp-json\/wp\/v2\/users\/2"}],"replies":[{"embeddable":true,"href":"https:\/\/openingenius.com\/en\/wp-json\/wp\/v2\/comments?post=877"}],"version-history":[{"count":35,"href":"https:\/\/openingenius.com\/en\/wp-json\/wp\/v2\/pages\/877\/revisions"}],"predecessor-version":[{"id":2869,"href":"https:\/\/openingenius.com\/en\/wp-json\/wp\/v2\/pages\/877\/revisions\/2869"}],"wp:attachment":[{"href":"https:\/\/openingenius.com\/en\/wp-json\/wp\/v2\/media?parent=877"}],"curies":[{"name":"wp","href":"https:\/\/api.w.org\/{rel}","templated":true}]}}