{"id":10,"date":"2025-10-14T16:05:37","date_gmt":"2025-10-14T14:05:37","guid":{"rendered":"https:\/\/openingenius.com\/?page_id=10"},"modified":"2026-04-17T13:25:04","modified_gmt":"2026-04-17T11:25:04","slug":"politica-cookies","status":"publish","type":"page","link":"https:\/\/openingenius.com\/es\/politica-cookies\/","title":{"rendered":"Pol\u00edtica de cookies"},"content":{"rendered":"<div class=\"kb-row-layout-wrap kb-row-layout-id10_c1a514-56 alignnone wp-block-kadence-rowlayout\"><div class=\"kt-row-column-wrap kt-has-1-columns kt-row-layout-equal kt-tab-layout-inherit kt-mobile-layout-row kt-row-valign-top\">\n\n<div class=\"wp-block-kadence-column kadence-column10_7b881b-94\"><div class=\"kt-inside-inner-col\">\n<h2 class=\"kt-adv-heading10_9e2532-0a wp-block-kadence-advancedheading\" data-kb-block=\"kb-adv-heading10_9e2532-0a\">Pol\u00edtica de Cookies<\/h2>\n\n\n\n<p class=\"kt-adv-heading10_7787e0-0c wp-block-kadence-advancedheading\" data-kb-block=\"kb-adv-heading10_7787e0-0c\">Open Ingenius utiliza cookies. Se puede configurar el navegador de Internet para que restrinja o bloquee las cookies. M\u00e1s informaci\u00f3n en&nbsp;<a href=\"https:\/\/www.fidesol.org\/%E2%80%9Dwww.aboutcookies.org%E2%80%9D\">www.aboutcookies.org<\/a><\/p>\n\n\n\n<h4 class=\"kt-adv-heading10_721271-53 wp-block-kadence-advancedheading\" data-kb-block=\"kb-adv-heading10_721271-53\">\u00bfQu\u00e9 son las cookies?<\/h4>\n\n\n\n<p class=\"has-creame-fg-color has-text-color has-link-color wp-elements-d5d0936c24a4b58a4797aaeba89b6068\">Las cookies son archivos de texto que contienen peque\u00f1os fragmentos de informaci\u00f3n y que se descargan en el equipo al visitar un sitio web. Luego, las cookies se env\u00edan al sitio web que las origin\u00f3 en cada visita posterior, o a otro sitio web que reconozca esa cookie. Las cookies permiten a un sitio web reconocer un dispositivo de usuario y por tanto mejorar su experiencia.<\/p>\n\n\n\n<h4 class=\"wp-block-heading\">UsO DE las cookies<\/h4>\n\n\n\n<p class=\"has-creame-fg-color has-text-color has-link-color wp-elements-d4de92fde0412e8bda49f44f42b8c0af\">Open Ingenius utiliza cookies para recopilar datos estad\u00edsticos sobre el uso de nuestro sitio web y su funcionamiento, con vistas a hacer un seguimiento y mejorarlo. Tambi\u00e9n existen cookies de servicios de terceros, como son las redes sociales y cada una tiene una pol\u00edtica de cookies espec\u00edfica.<\/p>\n\n\n\n<h4 class=\"wp-block-heading\">\u00bfQu\u00e9 cookies usamos?<\/h4>\n\n\n\n<ul class=\"wp-block-list has-creame-fg-color has-text-color has-link-color wp-elements-95c748ad2bc2f154678ca6d81aaf59d1\">\n<li class=\"has-creame-fg-color has-text-color has-link-color wp-elements-8ed3010b74e0f91d070718ca78591798\"><strong>Cookies propias:<\/strong><br><strong>csrftoken:<\/strong> Cookie de sesi\u00f3n que utiliza el servidor para reconocer las consultas sucesivas que provengan del mismo navegador. No lleva asociada informaci\u00f3n de usuario.<\/li>\n\n\n\n<li>Cookies de terceros:\n<ul class=\"wp-block-list\">\n<li class=\"has-creame-fg-color has-text-color has-link-color wp-elements-3d3febf3730cf268513dd46d2ce06c86\">Open Ingenius utiliza el servicio Google Analytics para ayudar a analizar el uso que se realiza de la web oficial de Open Ingenius. Pero en ning\u00fan caso se asocian datos que puedan llegar a identificar al usuario. De hecho, se ha aplicado la medida de \u2018anonimizaci\u00f3n\u2019 que proporciona esta herramienta para ocultar adem\u00e1s la IP desde donde se hacen las consultas, por tanto, el acceso a esta web es totalmente an\u00f3nimo.En la siguiente URL, se puede acceder a la informaci\u00f3n de uso de cookies de Google Analytics:\u00a0<a href=\"https:\/\/developers.google.com\/analytics\/devguides\/collection\/analyticsjs\/cookie-usage?hl=es\">Enlace<\/a><\/li>\n\n\n\n<li>Open Ingenius utiliza las siguientes redes sociales, por lo que, a continuaci\u00f3n, se muestran las cookies asociadas a cada una de ellas:\n<ul class=\"wp-block-list has-creame-fg-color has-text-color has-link-color wp-elements-7451b3e9bb0322e656cacf168fc26338\">\n<li><a href=\"https:\/\/x.com\/es\/privacy\" data-type=\"link\" data-id=\"https:\/\/x.com\/es\/privacy\">Twitter<\/a><\/li>\n\n\n\n<li><a href=\"https:\/\/www.facebook.com\/privacy\/policies\/cookies\/?entry_point=cookie_policy_redirect&amp;entry=0\">Facebook<\/a><\/li>\n\n\n\n<li><a href=\"https:\/\/policies.google.com\/technologies\/cookies?hl=es#types-of-cookies\">Google<\/a>+<\/li>\n\n\n\n<li><a href=\"https:\/\/policies.google.com\/technologies\/cookies?hl=es#types-of-cookies\">Youtube<\/a><\/li>\n\n\n\n<li><a href=\"https:\/\/policies.google.com\/technologies\/cookies?hl=es#types-of-cookies\">Google Maps<\/a><\/li>\n<\/ul>\n<\/li>\n<\/ul>\n<\/li>\n<\/ul>\n\n\n\n<h4 class=\"wp-block-heading\">\u00bfC\u00f3mo controlar las cookies?<\/h4>\n\n\n\n<p class=\"has-creame-fg-color has-text-color has-link-color wp-elements-3c5ffc3d6946fd05076611200146711c\">Si no deseas recibir cookies, puedes configurar tu navegador para que las restrinja o bloquee. Si se deshabilitan las cookies no podr\u00e1s utilizar algunas caracter\u00edsticas, como enviarnos una consulta, de nuestro sitio web.<\/p>\n\n\n\n<h4 class=\"wp-block-heading\">Definiciones<\/h4>\n\n\n\n<ul class=\"wp-block-list\">\n<li class=\"has-creame-fg-color has-text-color has-link-color wp-elements-4c481df7e0275a258604bdc80ef8cdc9\"><strong>Cookies de origen y cookies de terceros:<\/strong> Esta clasificaci\u00f3n se refiere al dominio del sitio web que establece la cookie. Las cookies de origen son las que establece el sitio web que est\u00e1 visitando el usuario, es decir, el sitio que aparece en la barra de direcciones. Las cookies de terceros son las que establecen otros dominios distintos al del sitio web que se est\u00e1 visitando. Si un usuario visita un sitio web y otra entidad establece una cookie a trav\u00e9s de ese sitio, esa es una cookie de terceros.<\/li>\n\n\n\n<li class=\"has-creame-fg-color has-text-color has-link-color wp-elements-1a0012a6b663f9349e236b7a97fdfbf8\"><strong>Cookies persistentes: <\/strong>Son las que permanecen en el equipo del usuario durante el periodo especificado en la cookie. Se activan cada vez que el usuario visita el sitio web que origin\u00f3 esa cookie en particular.<\/li>\n\n\n\n<li class=\"has-creame-fg-color has-text-color has-link-color wp-elements-30082d92c4719080529c676b4103498a\"><strong>Cookies de sesi\u00f3n: <\/strong>Estas cookies permiten que los operadores de sitios web conecten las acciones de un usuario durante una sesi\u00f3n de navegaci\u00f3n. Una sesi\u00f3n de navegaci\u00f3n comienza cuando el usuario abre el navegador y termina cuando cierra el navegador. Las cookies de sesi\u00f3n se crean temporalmente, y se borran todas al cerrar el navegador.<\/li>\n<\/ul>\n<\/div><\/div>\n\n<\/div><\/div>","protected":false},"excerpt":{"rendered":"<p>Pol\u00edtica de Cookies Open Ingenius utiliza cookies. Se puede configurar el navegador de Internet para que restrinja o bloquee las cookies. M\u00e1s informaci\u00f3n en&nbsp;www.aboutcookies.org \u00bfQu\u00e9 son las cookies? Las cookies son archivos de texto que contienen peque\u00f1os fragmentos de informaci\u00f3n y que se descargan en el equipo al visitar un sitio web. Luego, las cookies [&hellip;]<\/p>\n","protected":false},"author":2,"featured_media":0,"parent":0,"menu_order":0,"comment_status":"closed","ping_status":"closed","template":"","meta":{"inline_featured_image":false,"footnotes":""},"class_list":["post-10","page","type-page","status-publish","hentry"],"_links":{"self":[{"href":"https:\/\/openingenius.com\/es\/wp-json\/wp\/v2\/pages\/10","targetHints":{"allow":["GET"]}}],"collection":[{"href":"https:\/\/openingenius.com\/es\/wp-json\/wp\/v2\/pages"}],"about":[{"href":"https:\/\/openingenius.com\/es\/wp-json\/wp\/v2\/types\/page"}],"author":[{"embeddable":true,"href":"https:\/\/openingenius.com\/es\/wp-json\/wp\/v2\/users\/2"}],"replies":[{"embeddable":true,"href":"https:\/\/openingenius.com\/es\/wp-json\/wp\/v2\/comments?post=10"}],"version-history":[{"count":9,"href":"https:\/\/openingenius.com\/es\/wp-json\/wp\/v2\/pages\/10\/revisions"}],"predecessor-version":[{"id":2983,"href":"https:\/\/openingenius.com\/es\/wp-json\/wp\/v2\/pages\/10\/revisions\/2983"}],"wp:attachment":[{"href":"https:\/\/openingenius.com\/es\/wp-json\/wp\/v2\/media?parent=10"}],"curies":[{"name":"wp","href":"https:\/\/api.w.org\/{rel}","templated":true}]}}