{"id":853,"date":"2026-02-16T11:23:03","date_gmt":"2026-02-16T10:23:03","guid":{"rendered":"https:\/\/openingenius.com\/?page_id=853"},"modified":"2026-03-25T09:51:46","modified_gmt":"2026-03-25T08:51:46","slug":"data-science","status":"publish","type":"page","link":"https:\/\/openingenius.com\/es\/data-science\/","title":{"rendered":"Data Science"},"content":{"rendered":"<div class=\"kb-row-layout-wrap kb-row-layout-id853_adaab3-4b alignnone kt-row-has-bg wp-block-kadence-rowlayout\"><div class=\"kt-row-column-wrap kt-has-1-columns kt-row-layout-equal kt-tab-layout-inherit kt-mobile-layout-row kt-row-valign-top\">\n\n<div class=\"wp-block-kadence-column kadence-column853_971b8a-91\"><div class=\"kt-inside-inner-col\"><div class=\"kb-row-layout-wrap kb-row-layout-id853_6f5ffe-cc alignnone wp-block-kadence-rowlayout\"><div class=\"kt-row-column-wrap kt-has-1-columns kt-row-layout-equal kt-tab-layout-inherit kt-mobile-layout-row kt-row-valign-top\">\n\n<div class=\"wp-block-kadence-column kadence-column853_a091b3-3a\"><div class=\"kt-inside-inner-col\">\n<h2 class=\"kt-adv-heading853_ff2592-91 wp-block-kadence-advancedheading\" data-kb-block=\"kb-adv-heading853_ff2592-91\">DATA SCIENCE<\/h2>\n<\/div><\/div>\n\n<\/div><\/div>\n\n<div class=\"kb-row-layout-wrap kb-row-layout-id853_926387-6f alignnone kt-row-has-bg wp-block-kadence-rowlayout\"><div class=\"kt-row-column-wrap kt-has-2-columns kt-row-layout-equal kt-tab-layout-inherit kt-mobile-layout-row kt-row-valign-middle\">\n\n<div class=\"wp-block-kadence-column kadence-column853_377ffb-c7\"><div class=\"kt-inside-inner-col\">\n<h3 class=\"kt-adv-heading853_9d3436-e7 wp-block-kadence-advancedheading\" data-kb-block=\"kb-adv-heading853_9d3436-e7\">DATA SCIENCE<\/h3>\n\n\n\n<h2 class=\"kt-adv-heading853_3e3cc7-ab wp-block-kadence-advancedheading\" data-kb-block=\"kb-adv-heading853_3e3cc7-ab\">INGENIER\u00cdA DE DATOS CON ADN CREATIVO<\/h2>\n\n\n\n<h3 class=\"kt-adv-heading853_1a06b8-96 wp-block-kadence-advancedheading\" data-kb-block=\"kb-adv-heading853_1a06b8-96\">EN OPEN INGENIUS NO S\u00d3LO IMPLEMENTAMOS TECNOLOG\u00cdA, DISE\u00d1AMOS SOLUCIONES QUE RESPIRAN CON TU NEGOCIO.<\/h3>\n\n\n\n<p class=\"kt-adv-heading853_ebd475-a3 wp-block-kadence-advancedheading\" data-kb-block=\"kb-adv-heading853_ebd475-a3\">Tenemos la convicci\u00f3n de que la Ciencia de Datos no debe ser una caja negra, sino un motor de claridad y libertad creativa.<\/p>\n<\/div><\/div>\n\n\n\n<div class=\"wp-block-kadence-column kadence-column853_a3726e-91\"><div class=\"kt-inside-inner-col\"><\/div><\/div>\n\n<\/div><\/div>\n\n<div class=\"kb-row-layout-wrap kb-row-layout-id853_bc825b-4b alignnone kt-row-has-bg wp-block-kadence-rowlayout\"><div class=\"kt-row-column-wrap kt-has-2-columns kt-row-layout-equal kt-tab-layout-inherit kt-mobile-layout-row kt-row-valign-middle\">\n\n<div class=\"wp-block-kadence-column kadence-column853_176613-ea\"><div class=\"kt-inside-inner-col\"><\/div><\/div>\n\n\n\n<div class=\"wp-block-kadence-column kadence-column853_e5e71c-bc\"><div class=\"kt-inside-inner-col\">\n<h3 class=\"kt-adv-heading853_348bc6-f8 wp-block-kadence-advancedheading\" data-kb-block=\"kb-adv-heading853_348bc6-f8\">COMO PARTNER DE MICROSOFT OPERAMOS BAJO LOS M\u00c1S ALTOS EST\u00c1NDARES DE CALIDAD Y SEGURIDAD. ESTA ALIANZA NOS PERMITE OFRECERTE LA SOLIDEZ DE UN GIGANTE TECNOL\u00d3GICO CON LA AGILIDAD DE UNA BOUTIQUE DE INNOVACI\u00d3N.<\/h3>\n\n\n\n<div class=\"wp-block-kadence-image kb-image853_70779e-26\"><figure class=\"alignright size-full\"><img loading=\"lazy\" decoding=\"async\" width=\"733\" height=\"296\" src=\"https:\/\/openingenius.com\/wp-content\/uploads\/2026\/03\/Imagen-156@2x.png\" alt=\"\" class=\"kb-img wp-image-1457\" srcset=\"https:\/\/openingenius.com\/wp-content\/uploads\/2026\/03\/Imagen-156@2x.png 733w, https:\/\/openingenius.com\/wp-content\/uploads\/2026\/03\/Imagen-156@2x-300x121.png 300w, https:\/\/openingenius.com\/wp-content\/uploads\/2026\/03\/Imagen-156@2x-18x7.png 18w\" sizes=\"auto, (max-width: 733px) 100vw, 733px\" \/><\/figure><\/div>\n<\/div><\/div>\n\n<\/div><\/div>\n\n<div class=\"kb-row-layout-wrap kb-row-layout-id853_e16ae1-55 alignnone kt-row-has-bg wp-block-kadence-rowlayout\"><div class=\"kt-row-column-wrap kt-has-2-columns kt-row-layout-equal kt-tab-layout-inherit kt-mobile-layout-row kt-row-valign-middle\">\n\n<div class=\"wp-block-kadence-column kadence-column853_2fb083-fb\"><div class=\"kt-inside-inner-col\">\n<h3 class=\"kt-adv-heading853_0a119f-10 wp-block-kadence-advancedheading\" data-kb-block=\"kb-adv-heading853_0a119f-10\">NO CREEMOS EN SOLUCIONES GEN\u00c9RICAS. CREEMOS EN LA INGENIER\u00cdA ABIERTA CON FLUJOS DE TRABAJO QUE ELIMINAN EL RUIDO Y EN LA CAPACIDAD DE NUESTROS CLIENTES PARA LIDERAR SU SECTOR CUANDO TIENEN LAS HERRAMIENTAS ADECUADAS.<\/h3>\n<\/div><\/div>\n\n\n\n<div class=\"wp-block-kadence-column kadence-column853_5b961c-91\"><div class=\"kt-inside-inner-col\"><\/div><\/div>\n\n<\/div><\/div>\n\n<div class=\"kb-row-layout-wrap kb-row-layout-id853_2e97d4-03 alignnone wp-block-kadence-rowlayout\"><div class=\"kt-row-column-wrap kt-has-1-columns kt-row-layout-equal kt-tab-layout-inherit kt-mobile-layout-row kt-row-valign-top\">\n\n<div class=\"wp-block-kadence-column kadence-column853_f79966-6b\"><div class=\"kt-inside-inner-col\">\n<h2 class=\"kt-adv-heading853_0b3416-83 wp-block-kadence-advancedheading\" data-kb-block=\"kb-adv-heading853_0b3416-83\">NUESTROS PILARES<\/h2>\n\n\n<div class=\"kb-row-layout-wrap kb-row-layout-id853_19c0cc-9c alignnone wp-block-kadence-rowlayout\"><div class=\"kt-row-column-wrap kt-has-2-columns kt-row-layout-equal kt-tab-layout-inherit kt-mobile-layout-row kt-row-valign-top\">\n\n<div class=\"wp-block-kadence-column kadence-column853_a7e28d-21\"><div class=\"kt-inside-inner-col\">\n<h3 class=\"kt-adv-heading853_2d9bcd-e0 wp-block-kadence-advancedheading\" data-kb-block=\"kb-adv-heading853_2d9bcd-e0\">BUSINESS INTELLIGENCE Y REPORTING<\/h3>\n\n\n\n<p class=\"kt-adv-heading853_6f19e8-11 wp-block-kadence-advancedheading\" data-kb-block=\"kb-adv-heading853_6f19e8-11\">Tus datos tienen una historia que contarte para que tomes el control de tu negocio en tiempo real.<\/p>\n<\/div><\/div>\n\n\n\n<div class=\"wp-block-kadence-column kadence-column853_e7cca2-90\"><div class=\"kt-inside-inner-col\">\n<figure class=\"wp-block-image size-large\" style=\"margin-right:var(--wp--preset--spacing--30);margin-left:var(--wp--preset--spacing--30)\"><img loading=\"lazy\" decoding=\"async\" width=\"362\" height=\"73\" src=\"https:\/\/openingenius.com\/wp-content\/uploads\/2025\/10\/power-bi-qlik.svg\" alt=\"\" class=\"wp-image-868\"\/><\/figure>\n<\/div><\/div>\n\n<\/div><\/div>\n\n<div class=\"kb-row-layout-wrap kb-row-layout-id853_59f2bd-2a alignnone wp-block-kadence-rowlayout\"><div class=\"kt-row-column-wrap kt-has-2-columns kt-row-layout-equal kt-tab-layout-inherit kt-mobile-layout-row kt-row-valign-top\">\n\n<div class=\"wp-block-kadence-column kadence-column853_ccd71a-16\"><div class=\"kt-inside-inner-col\">\n<h3 class=\"kt-adv-heading853_168aee-cf wp-block-kadence-advancedheading\" data-kb-block=\"kb-adv-heading853_168aee-cf\">AUTOMATIZACI\u00d3N E IA<\/h3>\n\n\n\n<p class=\"kt-adv-heading853_04e85f-94 wp-block-kadence-advancedheading\" data-kb-block=\"kb-adv-heading853_04e85f-94\">Elimina tareas repetitivas. Conectamos tus aplicaciones para que tu equipo se enfoque en lo que realmente importa.<\/p>\n<\/div><\/div>\n\n\n\n<div class=\"wp-block-kadence-column kadence-column853_11a65f-ab\"><div class=\"kt-inside-inner-col\">\n<figure class=\"wp-block-image size-full is-resized\" style=\"margin-top:var(--wp--preset--spacing--20);margin-right:var(--wp--preset--spacing--30);margin-bottom:var(--wp--preset--spacing--20);margin-left:var(--wp--preset--spacing--30)\"><img loading=\"lazy\" decoding=\"async\" width=\"715\" height=\"96\" src=\"https:\/\/openingenius.com\/wp-content\/uploads\/2026\/03\/Captura-de-pantalla-2026-03-10-151434.png\" alt=\"\" class=\"wp-image-2280\" style=\"aspect-ratio:7.358974358974359;width:460px;height:auto\" srcset=\"https:\/\/openingenius.com\/wp-content\/uploads\/2026\/03\/Captura-de-pantalla-2026-03-10-151434.png 715w, https:\/\/openingenius.com\/wp-content\/uploads\/2026\/03\/Captura-de-pantalla-2026-03-10-151434-300x40.png 300w, https:\/\/openingenius.com\/wp-content\/uploads\/2026\/03\/Captura-de-pantalla-2026-03-10-151434-18x2.png 18w\" sizes=\"auto, (max-width: 715px) 100vw, 715px\" \/><\/figure>\n<\/div><\/div>\n\n<\/div><\/div>\n\n<div class=\"kb-row-layout-wrap kb-row-layout-id853_00feb0-58 alignnone wp-block-kadence-rowlayout\"><div class=\"kt-row-column-wrap kt-has-2-columns kt-row-layout-equal kt-tab-layout-inherit kt-mobile-layout-row kt-row-valign-top\">\n\n<div class=\"wp-block-kadence-column kadence-column853_b3f3dd-2f\"><div class=\"kt-inside-inner-col\">\n<h3 class=\"kt-adv-heading853_5fce75-26 wp-block-kadence-advancedheading\" data-kb-block=\"kb-adv-heading853_5fce75-26\">ARQUITECTURA DE DATOS<\/h3>\n\n\n\n<p class=\"kt-adv-heading853_c4f1e1-7e wp-block-kadence-advancedheading\" data-kb-block=\"kb-adv-heading853_c4f1e1-7e\">Estructuras s\u00f3lidas para decisiones escalables. Integraci\u00f3n de datos limpia, segura y eficiente.<\/p>\n<\/div><\/div>\n\n\n\n<div class=\"wp-block-kadence-column kadence-column853_16593f-ef\"><div class=\"kt-inside-inner-col\">\n<figure class=\"wp-block-kadence-image kb-image853_991c47-1c size-full\"><img loading=\"lazy\" decoding=\"async\" width=\"740\" height=\"100\" src=\"https:\/\/openingenius.com\/wp-content\/uploads\/2026\/03\/brave_screenshot_xd.adobe_.com-1.png\" alt=\"\" class=\"kb-img wp-image-1491\" srcset=\"https:\/\/openingenius.com\/wp-content\/uploads\/2026\/03\/brave_screenshot_xd.adobe_.com-1.png 740w, https:\/\/openingenius.com\/wp-content\/uploads\/2026\/03\/brave_screenshot_xd.adobe_.com-1-300x41.png 300w, https:\/\/openingenius.com\/wp-content\/uploads\/2026\/03\/brave_screenshot_xd.adobe_.com-1-18x2.png 18w\" sizes=\"auto, (max-width: 740px) 100vw, 740px\" \/><\/figure>\n<\/div><\/div>\n\n<\/div><\/div>\n\n<div class=\"kb-row-layout-wrap kb-row-layout-id853_8c21ee-5f alignnone wp-block-kadence-rowlayout\"><div class=\"kt-row-column-wrap kt-has-2-columns kt-row-layout-equal kt-tab-layout-inherit kt-mobile-layout-row kt-row-valign-top\">\n\n<div class=\"wp-block-kadence-column kadence-column853_08773c-f4\"><div class=\"kt-inside-inner-col\">\n<h3 class=\"kt-adv-heading853_36a121-c5 wp-block-kadence-advancedheading\" data-kb-block=\"kb-adv-heading853_36a121-c5\">LOW-CODE<\/h3>\n\n\n\n<p class=\"kt-adv-heading853_4d026a-bf wp-block-kadence-advancedheading\" data-kb-block=\"kb-adv-heading853_4d026a-bf\">Soluciones personalizadas que se adaptan a tu flujo de trabajo.<\/p>\n<\/div><\/div>\n\n\n\n<div class=\"wp-block-kadence-column kadence-column853_85e6a9-6d\"><div class=\"kt-inside-inner-col\">\n<figure class=\"wp-block-image alignleft size-full is-resized\" style=\"margin-right:var(--wp--preset--spacing--30);margin-left:var(--wp--preset--spacing--30)\"><img loading=\"lazy\" decoding=\"async\" width=\"213\" height=\"63\" src=\"https:\/\/openingenius.com\/wp-content\/uploads\/2026\/03\/Grupo-3868.png\" alt=\"\" class=\"wp-image-2278\" style=\"width:200px\" srcset=\"https:\/\/openingenius.com\/wp-content\/uploads\/2026\/03\/Grupo-3868.png 213w, https:\/\/openingenius.com\/wp-content\/uploads\/2026\/03\/Grupo-3868-18x5.png 18w\" sizes=\"auto, (max-width: 213px) 100vw, 213px\" \/><\/figure>\n<\/div><\/div>\n\n<\/div><\/div>\n\n<div class=\"kb-row-layout-wrap kb-row-layout-id853_c96799-72 alignnone wp-block-kadence-rowlayout\"><div class=\"kt-row-column-wrap kt-has-2-columns kt-row-layout-equal kt-tab-layout-inherit kt-mobile-layout-row kt-row-valign-top\">\n\n<div class=\"wp-block-kadence-column kadence-column853_abd6af-81\"><div class=\"kt-inside-inner-col\">\n<h3 class=\"kt-adv-heading853_65d4d8-21 wp-block-kadence-advancedheading\" data-kb-block=\"kb-adv-heading853_65d4d8-21\">LEGAL<\/h3>\n\n\n\n<p class=\"kt-adv-heading853_510e66-7f wp-block-kadence-advancedheading\" data-kb-block=\"kb-adv-heading853_510e66-7f\">Automatiza la gesti\u00f3n de firmas, reduce tiempos de espera y digitaliza tus contratos.<\/p>\n<\/div><\/div>\n\n\n\n<div class=\"wp-block-kadence-column kadence-column853_0f06fb-27\"><div class=\"kt-inside-inner-col\">\n<figure class=\"wp-block-image alignleft size-full is-resized\" style=\"margin-right:var(--wp--preset--spacing--30);margin-left:var(--wp--preset--spacing--30)\"><img loading=\"lazy\" decoding=\"async\" width=\"255\" height=\"90\" src=\"https:\/\/openingenius.com\/wp-content\/uploads\/2025\/10\/docu-sign.png\" alt=\"\" class=\"wp-image-871\" style=\"aspect-ratio:2.8335300041647304;width:230px;height:auto\" srcset=\"https:\/\/openingenius.com\/wp-content\/uploads\/2025\/10\/docu-sign.png 255w, https:\/\/openingenius.com\/wp-content\/uploads\/2025\/10\/docu-sign-18x6.png 18w\" sizes=\"auto, (max-width: 255px) 100vw, 255px\" \/><\/figure>\n<\/div><\/div>\n\n<\/div><\/div><\/div><\/div>\n\n<\/div><\/div><\/div><\/div>\n\n<\/div><\/div>","protected":false},"excerpt":{"rendered":"<p>DATA SCIENCE DATA SCIENCE INGENIER\u00cdA DE DATOS CON ADN CREATIVO EN OPEN INGENIUS NO S\u00d3LO IMPLEMENTAMOS TECNOLOG\u00cdA, DISE\u00d1AMOS SOLUCIONES QUE RESPIRAN CON TU NEGOCIO. Tenemos la convicci\u00f3n de que la Ciencia de Datos no debe ser una caja negra, sino un motor de claridad y libertad creativa. COMO PARTNER DE MICROSOFT OPERAMOS BAJO LOS M\u00c1S [&hellip;]<\/p>\n","protected":false},"author":2,"featured_media":0,"parent":0,"menu_order":0,"comment_status":"closed","ping_status":"closed","template":"","meta":{"inline_featured_image":false,"footnotes":""},"class_list":["post-853","page","type-page","status-publish","hentry"],"_links":{"self":[{"href":"https:\/\/openingenius.com\/es\/wp-json\/wp\/v2\/pages\/853","targetHints":{"allow":["GET"]}}],"collection":[{"href":"https:\/\/openingenius.com\/es\/wp-json\/wp\/v2\/pages"}],"about":[{"href":"https:\/\/openingenius.com\/es\/wp-json\/wp\/v2\/types\/page"}],"author":[{"embeddable":true,"href":"https:\/\/openingenius.com\/es\/wp-json\/wp\/v2\/users\/2"}],"replies":[{"embeddable":true,"href":"https:\/\/openingenius.com\/es\/wp-json\/wp\/v2\/comments?post=853"}],"version-history":[{"count":82,"href":"https:\/\/openingenius.com\/es\/wp-json\/wp\/v2\/pages\/853\/revisions"}],"predecessor-version":[{"id":2837,"href":"https:\/\/openingenius.com\/es\/wp-json\/wp\/v2\/pages\/853\/revisions\/2837"}],"wp:attachment":[{"href":"https:\/\/openingenius.com\/es\/wp-json\/wp\/v2\/media?parent=853"}],"curies":[{"name":"wp","href":"https:\/\/api.w.org\/{rel}","templated":true}]}}